{"id":5688,"date":"2026-03-30T20:46:00","date_gmt":"2026-03-30T18:46:00","guid":{"rendered":"https:\/\/le-champ-du-pain.fr\/?post_type=product&#038;p=5688"},"modified":"2026-03-30T20:49:09","modified_gmt":"2026-03-30T18:49:09","slug":"le-fruite-du-moment-forme-moule-500g","status":"publish","type":"product","link":"https:\/\/le-champ-du-pain.fr\/index.php\/produit\/le-fruite-du-moment-forme-moule-500g\/","title":{"rendered":"-Le fruit\u00e9 du moment, forme \u00ab\u00a0moul\u00e9\u00a0\u00bb 500g"},"content":{"rendered":"<p>Farine de bl\u00e9s de pays T80 (bise) 90%, farine de seigle 10% (levain), amandes torr\u00e9fi\u00e9es, canneberges, baies de goji. Topping graines de s\u00e9sames, forme \u00ab\u00a0moul\u00e9\u00a0\u00bb, 500g<\/p>\n","protected":false},"excerpt":{"rendered":"<p>Farine de bl\u00e9s de pays T80 (bise) 90%, farine de seigle 10% (levain), amandes torr\u00e9fi\u00e9es, canneberges, baies de goji. Topping graines de s\u00e9sames, forme \u00ab\u00a0moul\u00e9\u00a0\u00bb, 500g<\/p>\n","protected":false},"featured_media":5689,"template":"","meta":{"site-sidebar-layout":"default","site-content-layout":"","ast-site-content-layout":"default","site-content-style":"default","site-sidebar-style":"default","ast-global-header-display":"","ast-banner-title-visibility":"","ast-main-header-display":"","ast-hfb-above-header-display":"","ast-hfb-below-header-display":"","ast-hfb-mobile-header-display":"","site-post-title":"","ast-breadcrumbs-content":"","ast-featured-img":"","footer-sml-layout":"","ast-disable-related-posts":"","theme-transparent-header-meta":"default","adv-header-id-meta":"","stick-header-meta":"","header-above-stick-meta":"","header-main-stick-meta":"","header-below-stick-meta":"","astra-migrate-meta-layouts":"set","ast-page-background-enabled":"default","ast-page-background-meta":{"desktop":{"background-color":"var(--ast-global-color-4)","background-image":"","background-repeat":"repeat","background-position":"center center","background-size":"auto","background-attachment":"scroll","background-type":"","background-media":"","overlay-type":"","overlay-color":"","overlay-opacity":"","overlay-gradient":""},"tablet":{"background-color":"","background-image":"","background-repeat":"repeat","background-position":"center center","background-size":"auto","background-attachment":"scroll","background-type":"","background-media":"","overlay-type":"","overlay-color":"","overlay-opacity":"","overlay-gradient":""},"mobile":{"background-color":"","background-image":"","background-repeat":"repeat","background-position":"center center","background-size":"auto","background-attachment":"scroll","background-type":"","background-media":"","overlay-type":"","overlay-color":"","overlay-opacity":"","overlay-gradient":""}},"ast-content-background-meta":{"desktop":{"background-color":"var(--ast-global-color-5)","background-image":"","background-repeat":"repeat","background-position":"center center","background-size":"auto","background-attachment":"scroll","background-type":"","background-media":"","overlay-type":"","overlay-color":"","overlay-opacity":"","overlay-gradient":""},"tablet":{"background-color":"var(--ast-global-color-5)","background-image":"","background-repeat":"repeat","background-position":"center center","background-size":"auto","background-attachment":"scroll","background-type":"","background-media":"","overlay-type":"","overlay-color":"","overlay-opacity":"","overlay-gradient":""},"mobile":{"background-color":"var(--ast-global-color-5)","background-image":"","background-repeat":"repeat","background-position":"center center","background-size":"auto","background-attachment":"scroll","background-type":"","background-media":"","overlay-type":"","overlay-color":"","overlay-opacity":"","overlay-gradient":""}}},"product_brand":[],"product_cat":[53,35,54,22,30],"product_tag":[55,25,56,57,23,58],"class_list":{"0":"post-5688","1":"product","2":"type-product","3":"status-publish","4":"has-post-thumbnail","6":"product_cat-bio","7":"product_cat-bles-anciens","8":"product_cat-pain-aux-fruits","9":"product_cat-pain-de-campagne","10":"product_cat-pains-speciaux","11":"product_tag-amandes","12":"product_tag-batard","13":"product_tag-canneberge","14":"product_tag-goji","15":"product_tag-pain-de-campagne","16":"product_tag-sesame","17":"desktop-align-left","18":"tablet-align-left","19":"mobile-align-left","21":"first","22":"instock","23":"taxable","24":"shipping-taxable","25":"purchasable","26":"product-type-simple"},"jetpack_sharing_enabled":true,"_links":{"self":[{"href":"https:\/\/le-champ-du-pain.fr\/index.php\/wp-json\/wp\/v2\/product\/5688","targetHints":{"allow":["GET"]}}],"collection":[{"href":"https:\/\/le-champ-du-pain.fr\/index.php\/wp-json\/wp\/v2\/product"}],"about":[{"href":"https:\/\/le-champ-du-pain.fr\/index.php\/wp-json\/wp\/v2\/types\/product"}],"wp:featuredmedia":[{"embeddable":true,"href":"https:\/\/le-champ-du-pain.fr\/index.php\/wp-json\/wp\/v2\/media\/5689"}],"wp:attachment":[{"href":"https:\/\/le-champ-du-pain.fr\/index.php\/wp-json\/wp\/v2\/media?parent=5688"}],"wp:term":[{"taxonomy":"product_brand","embeddable":true,"href":"https:\/\/le-champ-du-pain.fr\/index.php\/wp-json\/wp\/v2\/product_brand?post=5688"},{"taxonomy":"product_cat","embeddable":true,"href":"https:\/\/le-champ-du-pain.fr\/index.php\/wp-json\/wp\/v2\/product_cat?post=5688"},{"taxonomy":"product_tag","embeddable":true,"href":"https:\/\/le-champ-du-pain.fr\/index.php\/wp-json\/wp\/v2\/product_tag?post=5688"}],"curies":[{"name":"wp","href":"https:\/\/api.w.org\/{rel}","templated":true}]}}