{"id":4815,"date":"2025-10-29T19:47:46","date_gmt":"2025-10-29T18:47:46","guid":{"rendered":"https:\/\/le-champ-du-pain.fr\/?post_type=product&#038;p=4815"},"modified":"2025-12-17T09:59:43","modified_gmt":"2025-12-17T08:59:43","slug":"pain-du-moment-nutrition-graines-forme-moule-500g","status":"publish","type":"product","link":"https:\/\/le-champ-du-pain.fr\/index.php\/produit\/pain-du-moment-nutrition-graines-forme-moule-500g\/","title":{"rendered":"-Pain du moment: nutrition graines, forme \u00ab\u00a0moul\u00e9\u00a0\u00bb 500g"},"content":{"rendered":"<p>Farine de bl\u00e9s de pays T80 (bise) 70%, farine de pois chiche 8%, quinoa 8% levain de c\u00e9r\u00e9ales et graines ferment\u00e9 (chanvre non d\u00e9cortiqu\u00e9, flocons 5 c\u00e9r\u00e9ales, graines de courge, tournesol, lin brun), topping pavot, forme \u00ab\u00a0moul\u00e9\u00a0\u00bb, 500g<\/p>\n","protected":false},"excerpt":{"rendered":"<p>Farine de bl\u00e9 T80, farine de pois chiche, quinoa, levain de c\u00e9r\u00e9ales et graines, forme \u00ab\u00a0moul\u00e9\u00a0\u00bb, 500g<\/p>\n","protected":false},"featured_media":0,"template":"","meta":{"site-sidebar-layout":"default","site-content-layout":"","ast-site-content-layout":"default","site-content-style":"default","site-sidebar-style":"default","ast-global-header-display":"","ast-banner-title-visibility":"","ast-main-header-display":"","ast-hfb-above-header-display":"","ast-hfb-below-header-display":"","ast-hfb-mobile-header-display":"","site-post-title":"","ast-breadcrumbs-content":"","ast-featured-img":"","footer-sml-layout":"","ast-disable-related-posts":"","theme-transparent-header-meta":"default","adv-header-id-meta":"","stick-header-meta":"","header-above-stick-meta":"","header-main-stick-meta":"","header-below-stick-meta":"","astra-migrate-meta-layouts":"set","ast-page-background-enabled":"default","ast-page-background-meta":{"desktop":{"background-color":"var(--ast-global-color-4)","background-image":"","background-repeat":"repeat","background-position":"center center","background-size":"auto","background-attachment":"scroll","background-type":"","background-media":"","overlay-type":"","overlay-color":"","overlay-opacity":"","overlay-gradient":""},"tablet":{"background-color":"","background-image":"","background-repeat":"repeat","background-position":"center center","background-size":"auto","background-attachment":"scroll","background-type":"","background-media":"","overlay-type":"","overlay-color":"","overlay-opacity":"","overlay-gradient":""},"mobile":{"background-color":"","background-image":"","background-repeat":"repeat","background-position":"center center","background-size":"auto","background-attachment":"scroll","background-type":"","background-media":"","overlay-type":"","overlay-color":"","overlay-opacity":"","overlay-gradient":""}},"ast-content-background-meta":{"desktop":{"background-color":"var(--ast-global-color-5)","background-image":"","background-repeat":"repeat","background-position":"center center","background-size":"auto","background-attachment":"scroll","background-type":"","background-media":"","overlay-type":"","overlay-color":"","overlay-opacity":"","overlay-gradient":""},"tablet":{"background-color":"var(--ast-global-color-5)","background-image":"","background-repeat":"repeat","background-position":"center center","background-size":"auto","background-attachment":"scroll","background-type":"","background-media":"","overlay-type":"","overlay-color":"","overlay-opacity":"","overlay-gradient":""},"mobile":{"background-color":"var(--ast-global-color-5)","background-image":"","background-repeat":"repeat","background-position":"center center","background-size":"auto","background-attachment":"scroll","background-type":"","background-media":"","overlay-type":"","overlay-color":"","overlay-opacity":"","overlay-gradient":""}}},"product_brand":[],"product_cat":[53,30],"product_tag":[25,33,26],"class_list":{"0":"post-4815","1":"product","2":"type-product","3":"status-publish","5":"product_cat-bio","6":"product_cat-pains-speciaux","7":"product_tag-batard","8":"product_tag-cereales","9":"product_tag-graines","10":"desktop-align-left","11":"tablet-align-left","12":"mobile-align-left","14":"first","15":"instock","16":"taxable","17":"shipping-taxable","18":"purchasable","19":"product-type-simple"},"jetpack_sharing_enabled":true,"_links":{"self":[{"href":"https:\/\/le-champ-du-pain.fr\/index.php\/wp-json\/wp\/v2\/product\/4815","targetHints":{"allow":["GET"]}}],"collection":[{"href":"https:\/\/le-champ-du-pain.fr\/index.php\/wp-json\/wp\/v2\/product"}],"about":[{"href":"https:\/\/le-champ-du-pain.fr\/index.php\/wp-json\/wp\/v2\/types\/product"}],"wp:attachment":[{"href":"https:\/\/le-champ-du-pain.fr\/index.php\/wp-json\/wp\/v2\/media?parent=4815"}],"wp:term":[{"taxonomy":"product_brand","embeddable":true,"href":"https:\/\/le-champ-du-pain.fr\/index.php\/wp-json\/wp\/v2\/product_brand?post=4815"},{"taxonomy":"product_cat","embeddable":true,"href":"https:\/\/le-champ-du-pain.fr\/index.php\/wp-json\/wp\/v2\/product_cat?post=4815"},{"taxonomy":"product_tag","embeddable":true,"href":"https:\/\/le-champ-du-pain.fr\/index.php\/wp-json\/wp\/v2\/product_tag?post=4815"}],"curies":[{"name":"wp","href":"https:\/\/api.w.org\/{rel}","templated":true}]}}