{"id":4296,"date":"2025-06-06T23:28:03","date_gmt":"2025-06-06T21:28:03","guid":{"rendered":"https:\/\/le-champ-du-pain.fr\/?post_type=product&#038;p=4296"},"modified":"2025-08-29T14:02:45","modified_gmt":"2025-08-29T12:02:45","slug":"pain-du-moment-au-grand-epeautre-forme-batard-500g-copie-2","status":"publish","type":"product","link":"https:\/\/le-champ-du-pain.fr\/index.php\/produit\/pain-du-moment-au-grand-epeautre-forme-batard-500g-copie-2\/","title":{"rendered":"Pain Ard\u00e9chois, forme \u00ab\u00a0batard\u00a0\u00bb 500g"},"content":{"rendered":"<p>Farine de bl\u00e9 (semi compl\u00e8te T80), farine de ch\u00e2taigne 20%, farine de seigle 10% (levain), noix. forme \u00ab\u00a0batard\u00a0\u00bb, 500g<\/p>\n","protected":false},"excerpt":{"rendered":"<p>Farine de bl\u00e9 (semi compl\u00e8te T80), farine de ch\u00e2taigne 20%, farine de seigle 10% (levain), noix. forme \u00ab\u00a0batard\u00a0\u00bb, 500g<\/p>\n<p>&nbsp;<\/p>\n","protected":false},"featured_media":4298,"template":"","meta":{"site-sidebar-layout":"default","site-content-layout":"","ast-site-content-layout":"default","site-content-style":"default","site-sidebar-style":"default","ast-global-header-display":"","ast-banner-title-visibility":"","ast-main-header-display":"","ast-hfb-above-header-display":"","ast-hfb-below-header-display":"","ast-hfb-mobile-header-display":"","site-post-title":"","ast-breadcrumbs-content":"","ast-featured-img":"","footer-sml-layout":"","ast-disable-related-posts":"","theme-transparent-header-meta":"default","adv-header-id-meta":"","stick-header-meta":"","header-above-stick-meta":"","header-main-stick-meta":"","header-below-stick-meta":"","astra-migrate-meta-layouts":"set","ast-page-background-enabled":"default","ast-page-background-meta":{"desktop":{"background-color":"var(--ast-global-color-4)","background-image":"","background-repeat":"repeat","background-position":"center center","background-size":"auto","background-attachment":"scroll","background-type":"","background-media":"","overlay-type":"","overlay-color":"","overlay-opacity":"","overlay-gradient":""},"tablet":{"background-color":"","background-image":"","background-repeat":"repeat","background-position":"center center","background-size":"auto","background-attachment":"scroll","background-type":"","background-media":"","overlay-type":"","overlay-color":"","overlay-opacity":"","overlay-gradient":""},"mobile":{"background-color":"","background-image":"","background-repeat":"repeat","background-position":"center center","background-size":"auto","background-attachment":"scroll","background-type":"","background-media":"","overlay-type":"","overlay-color":"","overlay-opacity":"","overlay-gradient":""}},"ast-content-background-meta":{"desktop":{"background-color":"var(--ast-global-color-5)","background-image":"","background-repeat":"repeat","background-position":"center center","background-size":"auto","background-attachment":"scroll","background-type":"","background-media":"","overlay-type":"","overlay-color":"","overlay-opacity":"","overlay-gradient":""},"tablet":{"background-color":"var(--ast-global-color-5)","background-image":"","background-repeat":"repeat","background-position":"center center","background-size":"auto","background-attachment":"scroll","background-type":"","background-media":"","overlay-type":"","overlay-color":"","overlay-opacity":"","overlay-gradient":""},"mobile":{"background-color":"var(--ast-global-color-5)","background-image":"","background-repeat":"repeat","background-position":"center center","background-size":"auto","background-attachment":"scroll","background-type":"","background-media":"","overlay-type":"","overlay-color":"","overlay-opacity":"","overlay-gradient":""}}},"product_brand":[],"product_cat":[53,35,22,30],"product_tag":[25,37,52,24],"class_list":{"0":"post-4296","1":"product","2":"type-product","3":"status-publish","4":"has-post-thumbnail","6":"product_cat-bio","7":"product_cat-bles-anciens","8":"product_cat-pain-de-campagne","9":"product_cat-pains-speciaux","10":"product_tag-batard","11":"product_tag-ble-ancien","12":"product_tag-grand-epeautre","13":"product_tag-nature","14":"desktop-align-left","15":"tablet-align-left","16":"mobile-align-left","18":"first","19":"instock","20":"taxable","21":"shipping-taxable","22":"purchasable","23":"product-type-simple"},"jetpack_sharing_enabled":true,"_links":{"self":[{"href":"https:\/\/le-champ-du-pain.fr\/index.php\/wp-json\/wp\/v2\/product\/4296","targetHints":{"allow":["GET"]}}],"collection":[{"href":"https:\/\/le-champ-du-pain.fr\/index.php\/wp-json\/wp\/v2\/product"}],"about":[{"href":"https:\/\/le-champ-du-pain.fr\/index.php\/wp-json\/wp\/v2\/types\/product"}],"wp:featuredmedia":[{"embeddable":true,"href":"https:\/\/le-champ-du-pain.fr\/index.php\/wp-json\/wp\/v2\/media\/4298"}],"wp:attachment":[{"href":"https:\/\/le-champ-du-pain.fr\/index.php\/wp-json\/wp\/v2\/media?parent=4296"}],"wp:term":[{"taxonomy":"product_brand","embeddable":true,"href":"https:\/\/le-champ-du-pain.fr\/index.php\/wp-json\/wp\/v2\/product_brand?post=4296"},{"taxonomy":"product_cat","embeddable":true,"href":"https:\/\/le-champ-du-pain.fr\/index.php\/wp-json\/wp\/v2\/product_cat?post=4296"},{"taxonomy":"product_tag","embeddable":true,"href":"https:\/\/le-champ-du-pain.fr\/index.php\/wp-json\/wp\/v2\/product_tag?post=4296"}],"curies":[{"name":"wp","href":"https:\/\/api.w.org\/{rel}","templated":true}]}}